{"id":5942,"date":"2020-09-14T14:30:42","date_gmt":"2020-09-14T12:30:42","guid":{"rendered":"http:\/\/bestspotlight.cz\/kontaktujte-nas\/"},"modified":"2021-10-01T09:28:39","modified_gmt":"2021-10-01T07:28:39","slug":"kontaktujte-nas","status":"publish","type":"page","link":"https:\/\/bestspotlight.cz\/cs\/kontaktujte-nas\/","title":{"rendered":"Kontaktujte n\u00e1s"},"content":{"rendered":"\t\t<div data-elementor-type=\"wp-page\" data-elementor-id=\"5942\" class=\"elementor elementor-5942 elementor-191\" data-elementor-settings=\"[]\">\n\t\t\t\t\t\t<div class=\"elementor-inner\">\n\t\t\t\t\t\t\t<div class=\"elementor-section-wrap\">\n\t\t\t\t\t\t\t<section class=\"elementor-section elementor-top-section elementor-element elementor-element-6c8994d elementor-section-full_width elementor-section-height-default elementor-section-height-default qodef-elementor-content-no\" data-id=\"6c8994d\" data-element_type=\"section\" data-settings=\"{&quot;background_background&quot;:&quot;classic&quot;}\">\n\t\t\t\t\t\t<div class=\"elementor-container elementor-column-gap-default\">\n\t\t\t\t\t\t\t<div class=\"elementor-row\">\n\t\t\t\t\t<div class=\"elementor-column elementor-col-100 elementor-top-column elementor-element elementor-element-5e0d076\" data-id=\"5e0d076\" data-element_type=\"column\" data-settings=\"{&quot;background_background&quot;:&quot;classic&quot;}\">\n\t\t\t<div class=\"elementor-column-wrap\">\n\t\t\t\t\t\t\t<div class=\"elementor-widget-wrap\">\n\t\t\t\t\t\t\t\t<\/div>\n\t\t\t\t\t<\/div>\n\t\t<\/div>\n\t\t\t\t\t\t\t\t<\/div>\n\t\t\t\t\t<\/div>\n\t\t<\/section>\n\t\t\t\t<section class=\"elementor-section elementor-top-section elementor-element elementor-element-047a9e2 qodef-elementor-content-grid elementor-section-boxed elementor-section-height-default elementor-section-height-default\" data-id=\"047a9e2\" data-element_type=\"section\">\n\t\t\t\t\t\t<div class=\"elementor-container elementor-column-gap-default\">\n\t\t\t\t\t\t\t<div class=\"elementor-row\">\n\t\t\t\t\t<div class=\"elementor-column elementor-col-100 elementor-top-column elementor-element elementor-element-3a4a1ad\" data-id=\"3a4a1ad\" data-element_type=\"column\">\n\t\t\t<div class=\"elementor-column-wrap elementor-element-populated\">\n\t\t\t\t\t\t\t<div class=\"elementor-widget-wrap\">\n\t\t\t\t\t\t<section class=\"elementor-section elementor-inner-section elementor-element elementor-element-471e746 elementor-section-boxed elementor-section-height-default elementor-section-height-default qodef-elementor-content-no\" data-id=\"471e746\" data-element_type=\"section\">\n\t\t\t\t\t\t<div class=\"elementor-container elementor-column-gap-default\">\n\t\t\t\t\t\t\t<div class=\"elementor-row\">\n\t\t\t\t\t<div class=\"elementor-column elementor-col-33 elementor-inner-column elementor-element elementor-element-78c0e54\" data-id=\"78c0e54\" data-element_type=\"column\">\n\t\t\t<div class=\"elementor-column-wrap elementor-element-populated\">\n\t\t\t\t\t\t\t<div class=\"elementor-widget-wrap\">\n\t\t\t\t\t\t<div class=\"elementor-element elementor-element-6e8c551 elementor-widget elementor-widget-text-editor\" data-id=\"6e8c551\" data-element_type=\"widget\" data-widget_type=\"text-editor.default\">\n\t\t\t\t<div class=\"elementor-widget-container\">\n\t\t\t\t\t\t\t\t<div class=\"elementor-text-editor elementor-clearfix\">\n\t\t\t\t<h4>Kontaktn\u00ed osoba:<\/h4>\n\t\t\t\t\t<\/div>\n\t\t\t\t\t\t<\/div>\n\t\t\t\t<\/div>\n\t\t\t\t<div class=\"elementor-element elementor-element-591e110 elementor-widget elementor-widget-text-editor\" data-id=\"591e110\" data-element_type=\"widget\" data-widget_type=\"text-editor.default\">\n\t\t\t\t<div class=\"elementor-widget-container\">\n\t\t\t\t\t\t\t\t<div class=\"elementor-text-editor elementor-clearfix\">\n\t\t\t\t<h5>William Nattrass<\/h5>\n<p style=\"margin-top: -20px;\">Editor blogu<br \/><span style=\"text-decoration: underline;\"><a href=\"mailto:william.nattrass@bestcg.com\" target=\"_blank\" rel=\"nofollow noopener\">william.nattrass@bestcg.com<\/a><\/span><\/p>\n\t\t\t\t\t<\/div>\n\t\t\t\t\t\t<\/div>\n\t\t\t\t<\/div>\n\t\t\t\t<div class=\"elementor-element elementor-element-b66e621 elementor-widget elementor-widget-text-editor\" data-id=\"b66e621\" data-element_type=\"widget\" data-widget_type=\"text-editor.default\">\n\t\t\t\t<div class=\"elementor-widget-container\">\n\t\t\t\t\t\t\t\t<div class=\"elementor-text-editor elementor-clearfix\">\n\t\t\t\t<h5>Euan Edworthy<\/h5>\n<p style=\"margin-top: -20px;\">Zakladatel a CEO Best Communications<br \/><span style=\"text-decoration: underline;\"><a href=\"mailto:euan.edworthy@bestcg.com\" target=\"_blank\" rel=\"nofollow noopener\">euan.edworthy@bestcg.com<\/a><\/span><\/p>\n\t\t\t\t\t<\/div>\n\t\t\t\t\t\t<\/div>\n\t\t\t\t<\/div>\n\t\t\t\t\t\t<\/div>\n\t\t\t\t\t<\/div>\n\t\t<\/div>\n\t\t\t\t<div class=\"elementor-column elementor-col-33 elementor-inner-column elementor-element elementor-element-9b0e032\" data-id=\"9b0e032\" data-element_type=\"column\">\n\t\t\t<div class=\"elementor-column-wrap elementor-element-populated\">\n\t\t\t\t\t\t\t<div class=\"elementor-widget-wrap\">\n\t\t\t\t\t\t<div class=\"elementor-element elementor-element-ff9909d elementor-widget elementor-widget-text-editor\" data-id=\"ff9909d\" data-element_type=\"widget\" data-widget_type=\"text-editor.default\">\n\t\t\t\t<div class=\"elementor-widget-container\">\n\t\t\t\t\t\t\t\t<div class=\"elementor-text-editor elementor-clearfix\">\n\t\t\t\t<h4>Telefon a adresa:<\/h4>\n\t\t\t\t\t<\/div>\n\t\t\t\t\t\t<\/div>\n\t\t\t\t<\/div>\n\t\t\t\t<div class=\"elementor-element elementor-element-839e454 elementor-widget elementor-widget-text-editor\" data-id=\"839e454\" data-element_type=\"widget\" data-widget_type=\"text-editor.default\">\n\t\t\t\t<div class=\"elementor-widget-container\">\n\t\t\t\t\t\t\t\t<div class=\"elementor-text-editor elementor-clearfix\">\n\t\t\t\t<h5>Best Communications telefon<\/h5>\n<p style=\"margin-top: -20px;\"><span style=\"text-decoration: underline;\"><a href=\"tel:00420257532030\">+420 257 532 030<\/a><\/span><\/p>\n\t\t\t\t\t<\/div>\n\t\t\t\t\t\t<\/div>\n\t\t\t\t<\/div>\n\t\t\t\t<div class=\"elementor-element elementor-element-aff2a03 elementor-widget elementor-widget-text-editor\" data-id=\"aff2a03\" data-element_type=\"widget\" data-widget_type=\"text-editor.default\">\n\t\t\t\t<div class=\"elementor-widget-container\">\n\t\t\t\t\t\t\t\t<div class=\"elementor-text-editor elementor-clearfix\">\n\t\t\t\t<h5>Adresa<\/h5>\n<p style=\"margin-top: -20px;\">BEST Medi\u00e1ln\u00ed spole\u010dnost, sro, <br>Mal\u00e9 n\u00e1m\u011bst\u00ed 459\/11, <br>110 00 Praha 1, <br>\u010cesk\u00e1 republika<\/p>\t\t\t\t\t<\/div>\n\t\t\t\t\t\t<\/div>\n\t\t\t\t<\/div>\n\t\t\t\t\t\t<\/div>\n\t\t\t\t\t<\/div>\n\t\t<\/div>\n\t\t\t\t<div class=\"elementor-column elementor-col-33 elementor-inner-column elementor-element elementor-element-84d91fc\" data-id=\"84d91fc\" data-element_type=\"column\">\n\t\t\t<div class=\"elementor-column-wrap elementor-element-populated\">\n\t\t\t\t\t\t\t<div class=\"elementor-widget-wrap\">\n\t\t\t\t\t\t<div class=\"elementor-element elementor-element-407239b elementor-widget elementor-widget-text-editor\" data-id=\"407239b\" data-element_type=\"widget\" data-widget_type=\"text-editor.default\">\n\t\t\t\t<div class=\"elementor-widget-container\">\n\t\t\t\t\t\t\t\t<div class=\"elementor-text-editor elementor-clearfix\">\n\t\t\t\t\t\t\t\t\t<\/div>\n\t\t\t\t\t\t<\/div>\n\t\t\t\t<\/div>\n\t\t\t\t<div class=\"elementor-element elementor-element-df01d2c elementor-widget elementor-widget-text-editor\" data-id=\"df01d2c\" data-element_type=\"widget\" data-widget_type=\"text-editor.default\">\n\t\t\t\t<div class=\"elementor-widget-container\">\n\t\t\t\t\t\t\t\t<div class=\"elementor-text-editor elementor-clearfix\">\n\t\t\t\t<h5>\u00a0<\/h5><h5>Chcete n\u00e1s zkontaktovat ohledn\u011b Va\u0161\u00ed kreativn\u00ed kampan\u011b? Napi\u0161te n\u00e1m na tuto adresu.<\/h5><p style=\"margin-top: -20px;\"><span style=\"text-decoration: underline;\"><a href=\"mailto:william.nattrass@bestcg.com\" target=\"_blank\" rel=\"nofollow noopener\">william.nattrass@bestcg.com<\/a><\/span><\/p><p><a href=\"mailto:kristyna.stefankova@bestcg.com\"><span style=\"text-decoration: underline;\">kristyna.stefankova@bestcg.com<\/span><\/a><\/p>\t\t\t\t\t<\/div>\n\t\t\t\t\t\t<\/div>\n\t\t\t\t<\/div>\n\t\t\t\t<div class=\"elementor-element elementor-element-c2f3ba5 elementor-widget elementor-widget-image\" data-id=\"c2f3ba5\" data-element_type=\"widget\" data-widget_type=\"image.default\">\n\t\t\t\t<div class=\"elementor-widget-container\">\n\t\t\t\t\t\t\t\t<div class=\"elementor-image\">\n\t\t\t\t\t\t\t\t\t\t\t\t<img width=\"1\" height=\"1\" src=\"https:\/\/bestspotlight.cz\/wp-content\/uploads\/2020\/08\/Kreslici\u0301-pla\u0301tno-1.svg\" class=\"attachment-large size-large\" alt=\"BEST Communications\" loading=\"lazy\" \/>\t\t\t\t\t\t\t\t\t\t\t\t\t\t<\/div>\n\t\t\t\t\t\t<\/div>\n\t\t\t\t<\/div>\n\t\t\t\t\t\t<\/div>\n\t\t\t\t\t<\/div>\n\t\t<\/div>\n\t\t\t\t\t\t\t\t<\/div>\n\t\t\t\t\t<\/div>\n\t\t<\/section>\n\t\t\t\t\t\t<\/div>\n\t\t\t\t\t<\/div>\n\t\t<\/div>\n\t\t\t\t\t\t\t\t<\/div>\n\t\t\t\t\t<\/div>\n\t\t<\/section>\n\t\t\t\t<section class=\"elementor-section elementor-top-section elementor-element elementor-element-a9154e9 qodef-elementor-content-grid elementor-section-boxed elementor-section-height-default elementor-section-height-default\" data-id=\"a9154e9\" data-element_type=\"section\">\n\t\t\t\t\t\t<div class=\"elementor-container elementor-column-gap-default\">\n\t\t\t\t\t\t\t<div class=\"elementor-row\">\n\t\t\t\t\t<div class=\"elementor-column elementor-col-100 elementor-top-column elementor-element elementor-element-a97a3d2\" data-id=\"a97a3d2\" data-element_type=\"column\">\n\t\t\t<div class=\"elementor-column-wrap elementor-element-populated\">\n\t\t\t\t\t\t\t<div class=\"elementor-widget-wrap\">\n\t\t\t\t\t\t<div class=\"elementor-element elementor-element-a69dae2 elementor-widget elementor-widget-behold_core_separator\" data-id=\"a69dae2\" data-element_type=\"widget\" data-widget_type=\"behold_core_separator.default\">\n\t\t\t\t<div class=\"elementor-widget-container\">\n\t\t\t<div class=\"qodef-shortcode qodef-m  qodef-separator clear qodef-position--center\">\n\t<div class=\"qodef-m-line\" style=\"border-color: #D2D0D0;border-bottom-width: 1px;margin-bottom: 30px\"><\/div>\n<\/div>\t\t<\/div>\n\t\t\t\t<\/div>\n\t\t\t\t<div class=\"elementor-element elementor-element-3e4f968 elementor-widget elementor-widget-text-editor\" data-id=\"3e4f968\" data-element_type=\"widget\" data-widget_type=\"text-editor.default\">\n\t\t\t\t<div class=\"elementor-widget-container\">\n\t\t\t\t\t\t\t\t<div class=\"elementor-text-editor elementor-clearfix\">\n\t\t\t\t<h5 style=\"text-align: center;\">BEST Spotlight je provozov\u00e1n PR agenturou Best Communications<\/h5>\n<p style=\"margin-top: -20px;\">\u00a0<\/p>\n\t\t\t\t\t<\/div>\n\t\t\t\t\t\t<\/div>\n\t\t\t\t<\/div>\n\t\t\t\t\t\t<\/div>\n\t\t\t\t\t<\/div>\n\t\t<\/div>\n\t\t\t\t\t\t\t\t<\/div>\n\t\t\t\t\t<\/div>\n\t\t<\/section>\n\t\t\t\t\t\t<\/div>\n\t\t\t\t\t\t<\/div>\n\t\t\t\t\t<\/div>\n\t\t","protected":false},"excerpt":{"rendered":"<p>Kontaktn\u00ed osoba: William Nattrass Editor bloguwilliam.nattrass@bestcg.com Euan Edworthy Zakladatel a CEO Best Communicationseuan.edworthy@bestcg.com Telefon a adresa: Best Communications telefon +420 257 532 030 Adresa BEST Medi\u00e1ln\u00ed spole\u010dnost, sro, Mal\u00e9 n\u00e1m\u011bst\u00ed 459\/11, 110 00 Praha 1, \u010cesk\u00e1 republika \u00a0 Chcete n\u00e1s zkontaktovat ohledn\u011b Va\u0161\u00ed kreativn\u00ed kampan\u011b? Napi\u0161te n\u00e1m na tuto adresu. william.nattrass@bestcg.com kristyna.stefankova@bestcg.com BEST Spotlight je [&hellip;]<\/p>\n","protected":false},"author":1,"featured_media":0,"parent":0,"menu_order":0,"comment_status":"closed","ping_status":"closed","template":"page-full-width.php","meta":{"inline_featured_image":false},"aioseo_notices":[],"_links":{"self":[{"href":"https:\/\/bestspotlight.cz\/cs\/wp-json\/wp\/v2\/pages\/5942"}],"collection":[{"href":"https:\/\/bestspotlight.cz\/cs\/wp-json\/wp\/v2\/pages"}],"about":[{"href":"https:\/\/bestspotlight.cz\/cs\/wp-json\/wp\/v2\/types\/page"}],"author":[{"embeddable":true,"href":"https:\/\/bestspotlight.cz\/cs\/wp-json\/wp\/v2\/users\/1"}],"replies":[{"embeddable":true,"href":"https:\/\/bestspotlight.cz\/cs\/wp-json\/wp\/v2\/comments?post=5942"}],"version-history":[{"count":16,"href":"https:\/\/bestspotlight.cz\/cs\/wp-json\/wp\/v2\/pages\/5942\/revisions"}],"predecessor-version":[{"id":7956,"href":"https:\/\/bestspotlight.cz\/cs\/wp-json\/wp\/v2\/pages\/5942\/revisions\/7956"}],"wp:attachment":[{"href":"https:\/\/bestspotlight.cz\/cs\/wp-json\/wp\/v2\/media?parent=5942"}],"curies":[{"name":"wp","href":"https:\/\/api.w.org\/{rel}","templated":true}]}}