{"id":5931,"date":"2020-09-14T14:26:28","date_gmt":"2020-09-14T12:26:28","guid":{"rendered":"http:\/\/bestspotlight.cz\/o-blogu\/"},"modified":"2020-10-01T14:05:55","modified_gmt":"2020-10-01T12:05:55","slug":"o-blogu","status":"publish","type":"page","link":"https:\/\/bestspotlight.cz\/cs\/o-blogu\/","title":{"rendered":"O blogu"},"content":{"rendered":"\t\t<div data-elementor-type=\"wp-page\" data-elementor-id=\"5931\" class=\"elementor elementor-5931 elementor-3756\" data-elementor-settings=\"[]\">\n\t\t\t\t\t\t<div class=\"elementor-inner\">\n\t\t\t\t\t\t\t<div class=\"elementor-section-wrap\">\n\t\t\t\t\t\t\t<section class=\"elementor-section elementor-top-section elementor-element elementor-element-c0a6ce6 elementor-section-full_width elementor-section-height-default elementor-section-height-default qodef-elementor-content-no\" data-id=\"c0a6ce6\" data-element_type=\"section\" data-settings=\"{&quot;background_background&quot;:&quot;classic&quot;}\">\n\t\t\t\t\t\t<div class=\"elementor-container elementor-column-gap-default\">\n\t\t\t\t\t\t\t<div class=\"elementor-row\">\n\t\t\t\t\t<div class=\"elementor-column elementor-col-100 elementor-top-column elementor-element elementor-element-da6019d\" data-id=\"da6019d\" data-element_type=\"column\" data-settings=\"{&quot;background_background&quot;:&quot;classic&quot;}\">\n\t\t\t<div class=\"elementor-column-wrap\">\n\t\t\t\t\t\t\t<div class=\"elementor-widget-wrap\">\n\t\t\t\t\t\t\t\t<\/div>\n\t\t\t\t\t<\/div>\n\t\t<\/div>\n\t\t\t\t\t\t\t\t<\/div>\n\t\t\t\t\t<\/div>\n\t\t<\/section>\n\t\t\t\t<section class=\"elementor-section elementor-top-section elementor-element elementor-element-fddf790 qodef-elementor-content-grid elementor-section-content-middle elementor-section-boxed elementor-section-height-default elementor-section-height-default\" data-id=\"fddf790\" data-element_type=\"section\" data-settings=\"{&quot;background_background&quot;:&quot;classic&quot;}\">\n\t\t\t\t\t\t<div class=\"elementor-container elementor-column-gap-default\">\n\t\t\t\t\t\t\t<div class=\"elementor-row\">\n\t\t\t\t\t<div class=\"elementor-column elementor-col-50 elementor-top-column elementor-element elementor-element-1215403\" data-id=\"1215403\" data-element_type=\"column\">\n\t\t\t<div class=\"elementor-column-wrap elementor-element-populated\">\n\t\t\t\t\t\t\t<div class=\"elementor-widget-wrap\">\n\t\t\t\t\t\t<div class=\"elementor-element elementor-element-f30d120 elementor-widget elementor-widget-image\" data-id=\"f30d120\" data-element_type=\"widget\" data-widget_type=\"image.default\">\n\t\t\t\t<div class=\"elementor-widget-container\">\n\t\t\t\t\t\t\t\t<div class=\"elementor-image\">\n\t\t\t\t\t\t\t\t\t\t\t\t<img width=\"612\" height=\"612\" src=\"https:\/\/bestspotlight.cz\/wp-content\/uploads\/2020\/09\/about-circle.png\" class=\"attachment-large size-large\" alt=\"\" loading=\"lazy\" srcset=\"https:\/\/bestspotlight.cz\/wp-content\/uploads\/2020\/09\/about-circle.png 612w, https:\/\/bestspotlight.cz\/wp-content\/uploads\/2020\/09\/about-circle-300x300.png 300w, https:\/\/bestspotlight.cz\/wp-content\/uploads\/2020\/09\/about-circle-150x150.png 150w\" sizes=\"(max-width: 612px) 100vw, 612px\" \/>\t\t\t\t\t\t\t\t\t\t\t\t\t\t<\/div>\n\t\t\t\t\t\t<\/div>\n\t\t\t\t<\/div>\n\t\t\t\t\t\t<\/div>\n\t\t\t\t\t<\/div>\n\t\t<\/div>\n\t\t\t\t<div class=\"elementor-column elementor-col-50 elementor-top-column elementor-element elementor-element-e103161\" data-id=\"e103161\" data-element_type=\"column\" data-settings=\"{&quot;background_background&quot;:&quot;classic&quot;}\">\n\t\t\t<div class=\"elementor-column-wrap elementor-element-populated\">\n\t\t\t\t\t\t\t<div class=\"elementor-widget-wrap\">\n\t\t\t\t\t\t<div class=\"elementor-element elementor-element-c1fbbbd elementor-widget elementor-widget-text-editor\" data-id=\"c1fbbbd\" data-element_type=\"widget\" data-widget_type=\"text-editor.default\">\n\t\t\t\t<div class=\"elementor-widget-container\">\n\t\t\t\t\t\t\t\t<div class=\"elementor-text-editor elementor-clearfix\">\n\t\t\t\t<h3>O blogu<\/h3>\n\t\t\t\t\t<\/div>\n\t\t\t\t\t\t<\/div>\n\t\t\t\t<\/div>\n\t\t\t\t<div class=\"elementor-element elementor-element-06481c6 elementor-widget elementor-widget-behold_core_section_title\" data-id=\"06481c6\" data-element_type=\"widget\" data-widget_type=\"behold_core_section_title.default\">\n\t\t\t\t<div class=\"elementor-widget-container\">\n\t\t\t<div class=\"qodef-shortcode qodef-m  qodef-section-title qodef-alignment--left    \">\n\t\t\t\t    <\/div>\t\t<\/div>\n\t\t\t\t<\/div>\n\t\t\t\t<div class=\"elementor-element elementor-element-b2d5a0a elementor-widget elementor-widget-text-editor\" data-id=\"b2d5a0a\" data-element_type=\"widget\" id=\"-5\" data-widget_type=\"text-editor.default\">\n\t\t\t\t<div class=\"elementor-widget-container\">\n\t\t\t\t\t\t\t\t<div class=\"elementor-text-editor elementor-clearfix\">\n\t\t\t\t<p>BEST Spotlight rozeb\u00edra ty nejzaj\u00edmav\u011bj\u0161\u00ed PR a marketingov\u00e9 aktivity z \u010cesk\u00e9 republiky, st\u0159edn\u00ed Evropy a Velk\u00e9 Brit\u00e1nie. Blog p\u0159ipravuje PR agentura Best Communications.<\/p><p>Na str\u00e1nce se spole\u010dn\u011b propojuj\u00ed zn\u00e1m\u00ed odborn\u00edci na PR z Velk\u00e9 Brit\u00e1nie a \u010cesk\u00e9 republiky, m\u016f\u017eete se t\u011b\u0161it na jejich n\u00e1zory a anal\u00fdzy: na\u0161i PR guruov\u00e9 ze Spojen\u00e9ho kr\u00e1lovstv\u00ed p\u0159in\u00e1\u0161ej\u00ed nezaujat\u00fd pohled na to, jak\u00e9 kampan\u011b funguj\u00ed nejen u nich doma, ale i v \u010cesk\u00e9 republice \u010di dal\u0161\u00edch zem\u00edch. \u010ce\u0161t\u00ed experti p\u0159\u00edsn\u00fdm okem zkoumaj\u00ed m\u00edstn\u00ed kampan\u011b.<\/p><p>BEST Spotlight je p\u0159esn\u011b to m\u00edsto, kam zaj\u00edt, pokud v\u00e1s zaj\u00edmaj\u00ed nejnov\u011bj\u0161\u00ed n\u00e1pady v\u00a0oblasti komunikace a n\u00e1zory mezin\u00e1rodn\u00edch odborn\u00edk\u016f. Inspirujte se tu, ne\u017e budete pl\u00e1novat va\u0161e dal\u0161\u00ed komunika\u010dn\u00ed aktivity.<\/p><p>Pokud chcete, aby se tu objevila i ta va\u0161e komunika\u010dn\u00ed kampa\u0148, dejte n\u00e1m o n\u00ed v\u011bd\u011bt zde.<\/p>\t\t\t\t\t<\/div>\n\t\t\t\t\t\t<\/div>\n\t\t\t\t<\/div>\n\t\t\t\t<div class=\"elementor-element elementor-element-ae7be74 elementor-widget elementor-widget-behold_core_button\" data-id=\"ae7be74\" data-element_type=\"widget\" data-widget_type=\"behold_core_button.default\">\n\t\t\t\t<div class=\"elementor-widget-container\">\n\t\t\t<a class=\"qodef-shortcode qodef-m  qodef-button qodef-layout--textual  qodef-html--link\" href=\"http:\/\/bestspotlight.cz\/cs\/kontakt\/\" target=\"_self\"  style=\"color: #002C53\">\n\t<span class=\"qodef-m-text\">Kontakt<\/span>\n<\/a>\t\t<\/div>\n\t\t\t\t<\/div>\n\t\t\t\t\t\t<\/div>\n\t\t\t\t\t<\/div>\n\t\t<\/div>\n\t\t\t\t\t\t\t\t<\/div>\n\t\t\t\t\t<\/div>\n\t\t<\/section>\n\t\t\t\t\t\t<\/div>\n\t\t\t\t\t\t<\/div>\n\t\t\t\t\t<\/div>\n\t\t","protected":false},"excerpt":{"rendered":"<p>O blogu BEST Spotlight rozeb\u00edra ty nejzaj\u00edmav\u011bj\u0161\u00ed PR a marketingov\u00e9 aktivity z \u010cesk\u00e9 republiky, st\u0159edn\u00ed Evropy a Velk\u00e9 Brit\u00e1nie. Blog p\u0159ipravuje PR agentura Best Communications. Na str\u00e1nce se spole\u010dn\u011b propojuj\u00ed zn\u00e1m\u00ed odborn\u00edci na PR z Velk\u00e9 Brit\u00e1nie a \u010cesk\u00e9 republiky, m\u016f\u017eete se t\u011b\u0161it na jejich n\u00e1zory a anal\u00fdzy: na\u0161i PR guruov\u00e9 ze Spojen\u00e9ho kr\u00e1lovstv\u00ed p\u0159in\u00e1\u0161ej\u00ed [&hellip;]<\/p>\n","protected":false},"author":1,"featured_media":0,"parent":0,"menu_order":0,"comment_status":"closed","ping_status":"closed","template":"page-full-width.php","meta":{"inline_featured_image":false},"aioseo_notices":[],"_links":{"self":[{"href":"https:\/\/bestspotlight.cz\/cs\/wp-json\/wp\/v2\/pages\/5931"}],"collection":[{"href":"https:\/\/bestspotlight.cz\/cs\/wp-json\/wp\/v2\/pages"}],"about":[{"href":"https:\/\/bestspotlight.cz\/cs\/wp-json\/wp\/v2\/types\/page"}],"author":[{"embeddable":true,"href":"https:\/\/bestspotlight.cz\/cs\/wp-json\/wp\/v2\/users\/1"}],"replies":[{"embeddable":true,"href":"https:\/\/bestspotlight.cz\/cs\/wp-json\/wp\/v2\/comments?post=5931"}],"version-history":[{"count":14,"href":"https:\/\/bestspotlight.cz\/cs\/wp-json\/wp\/v2\/pages\/5931\/revisions"}],"predecessor-version":[{"id":6508,"href":"https:\/\/bestspotlight.cz\/cs\/wp-json\/wp\/v2\/pages\/5931\/revisions\/6508"}],"wp:attachment":[{"href":"https:\/\/bestspotlight.cz\/cs\/wp-json\/wp\/v2\/media?parent=5931"}],"curies":[{"name":"wp","href":"https:\/\/api.w.org\/{rel}","templated":true}]}}